{"id":3208,"date":"2022-02-11T14:50:28","date_gmt":"2022-02-11T14:50:28","guid":{"rendered":"https:\/\/moobo.pt\/?page_id=3208"},"modified":"2025-05-07T12:03:29","modified_gmt":"2025-05-07T11:03:29","slug":"case-studies","status":"publish","type":"page","link":"https:\/\/moobo.pt\/pt\/case-studies\/","title":{"rendered":"Casos de estudo"},"content":{"rendered":"<div data-elementor-type=\"wp-page\" data-elementor-id=\"3208\" class=\"elementor elementor-3208\" data-elementor-post-type=\"page\">\n\t\t\t\t\t\t<section class=\"elementor-section elementor-top-section elementor-element elementor-element-79ecf085 elementor-section-boxed elementor-section-height-default elementor-section-height-default\" data-id=\"79ecf085\" data-element_type=\"section\" data-e-type=\"section\" data-settings=\"{&quot;background_background&quot;:&quot;classic&quot;}\">\n\t\t\t\t\t\t<div class=\"elementor-container elementor-column-gap-default\">\n\t\t\t\t\t<div class=\"elementor-column elementor-col-50 elementor-top-column elementor-element elementor-element-fbc9603\" data-id=\"fbc9603\" data-element_type=\"column\" data-e-type=\"column\">\n\t\t\t<div class=\"elementor-widget-wrap elementor-element-populated\">\n\t\t\t\t\t\t<div class=\"elementor-element elementor-element-465961f3 elementor-widget elementor-widget-heading\" data-id=\"465961f3\" data-element_type=\"widget\" data-e-type=\"widget\" data-widget_type=\"heading.default\">\n\t\t\t\t<div class=\"elementor-widget-container\">\n\t\t\t\t\t<h1 class=\"elementor-heading-title elementor-size-default\">Casos de estudo<\/h1>\t\t\t\t<\/div>\n\t\t\t\t<\/div>\n\t\t\t\t<div class=\"elementor-element elementor-element-41caeced elementor-widget elementor-widget-text-editor\" data-id=\"41caeced\" data-element_type=\"widget\" data-e-type=\"widget\" data-widget_type=\"text-editor.default\">\n\t\t\t\t<div class=\"elementor-widget-container\">\n\t\t\t\t\t\t\t\t\t<p><span style=\"color: #232323;\"><span style=\"caret-color: #232323;\">Learn more about our custom development process by visiting our unique case studies.<\/span><\/span><\/p>\t\t\t\t\t\t\t\t<\/div>\n\t\t\t\t<\/div>\n\t\t\t\t\t<\/div>\n\t\t<\/div>\n\t\t\t\t<div class=\"elementor-column elementor-col-50 elementor-top-column elementor-element elementor-element-528f630c\" data-id=\"528f630c\" data-element_type=\"column\" data-e-type=\"column\">\n\t\t\t<div class=\"elementor-widget-wrap\">\n\t\t\t\t\t\t\t<\/div>\n\t\t<\/div>\n\t\t\t\t\t<\/div>\n\t\t<\/section>\n\t\t\t\t<section class=\"elementor-section elementor-top-section elementor-element elementor-element-1a8f2e2b elementor-section-stretched product-list-wrapper elementor-section-full_width elementor-section-height-default elementor-section-height-default\" data-id=\"1a8f2e2b\" data-element_type=\"section\" data-e-type=\"section\" data-settings=\"{&quot;stretch_section&quot;:&quot;section-stretched&quot;,&quot;background_background&quot;:&quot;classic&quot;}\">\n\t\t\t\t\t\t<div class=\"elementor-container elementor-column-gap-default\">\n\t\t\t\t\t<div class=\"elementor-column elementor-col-100 elementor-top-column elementor-element elementor-element-4000516\" data-id=\"4000516\" data-element_type=\"column\" data-e-type=\"column\">\n\t\t\t<div class=\"elementor-widget-wrap elementor-element-populated\">\n\t\t\t\t\t\t<div class=\"elementor-element elementor-element-c102f05 elementor-posts--align-left elementor-grid-3 elementor-grid-tablet-2 elementor-grid-mobile-1 elementor-posts--thumbnail-top elementor-card-shadow-yes elementor-posts__hover-gradient elementor-widget elementor-widget-posts\" data-id=\"c102f05\" data-element_type=\"widget\" data-e-type=\"widget\" data-settings=\"{&quot;cards_row_gap&quot;:{&quot;unit&quot;:&quot;px&quot;,&quot;size&quot;:45,&quot;sizes&quot;:[]},&quot;cards_columns&quot;:&quot;3&quot;,&quot;cards_columns_tablet&quot;:&quot;2&quot;,&quot;cards_columns_mobile&quot;:&quot;1&quot;,&quot;cards_row_gap_tablet&quot;:{&quot;unit&quot;:&quot;px&quot;,&quot;size&quot;:&quot;&quot;,&quot;sizes&quot;:[]},&quot;cards_row_gap_mobile&quot;:{&quot;unit&quot;:&quot;px&quot;,&quot;size&quot;:&quot;&quot;,&quot;sizes&quot;:[]}}\" data-widget_type=\"posts.cards\">\n\t\t\t\t<div class=\"elementor-widget-container\">\n\t\t\t\t\t\t\t<div class=\"elementor-posts-container elementor-posts elementor-posts--skin-cards elementor-grid\">\n\t\t\t\t<article class=\"elementor-post elementor-grid-item post-3379 case_studies type-case_studies status-publish format-standard has-post-thumbnail hentry\">\n\t\t\t<div class=\"elementor-post__card\">\n\t\t\t\t<a class=\"elementor-post__thumbnail__link\" href=\"https:\/\/moobo.pt\/pt\/case_studies\/parkingwayfinding\/\" tabindex=\"-1\" ><div class=\"elementor-post__thumbnail\"><img fetchpriority=\"high\" decoding=\"async\" width=\"2560\" height=\"1707\" src=\"https:\/\/moobo.pt\/wp-content\/uploads\/2024\/01\/banner-compressed-scaled.jpg\" class=\"attachment-full size-full wp-image-3381\" alt=\"\" srcset=\"https:\/\/moobo.pt\/wp-content\/uploads\/2024\/01\/banner-compressed-scaled.jpg 2560w, https:\/\/moobo.pt\/wp-content\/uploads\/2024\/01\/banner-compressed-300x200.jpg 300w, https:\/\/moobo.pt\/wp-content\/uploads\/2024\/01\/banner-compressed-1024x683.jpg 1024w, https:\/\/moobo.pt\/wp-content\/uploads\/2024\/01\/banner-compressed-768x512.jpg 768w, https:\/\/moobo.pt\/wp-content\/uploads\/2024\/01\/banner-compressed-1536x1024.jpg 1536w, https:\/\/moobo.pt\/wp-content\/uploads\/2024\/01\/banner-compressed-2048x1365.jpg 2048w, https:\/\/moobo.pt\/wp-content\/uploads\/2024\/01\/banner-compressed-18x12.jpg 18w, https:\/\/moobo.pt\/wp-content\/uploads\/2024\/01\/banner-compressed-1200x800.jpg 1200w, https:\/\/moobo.pt\/wp-content\/uploads\/2024\/01\/banner-compressed-1980x1320.jpg 1980w\" sizes=\"(max-width: 2560px) 100vw, 2560px\" \/><\/div><\/a>\n\t\t\t\t<div class=\"elementor-post__text\">\n\t\t\t\t<h3 class=\"elementor-post__title\">\n\t\t\t<a href=\"https:\/\/moobo.pt\/pt\/case_studies\/parkingwayfinding\/\" >\n\t\t\t\tParking Wayfinding\t\t\t<\/a>\n\t\t<\/h3>\n\t\t\t\t<div class=\"elementor-post__excerpt\">\n\t\t\t<p>The largest software company in the world is modernizing its headquarters in Washington and Moobo was chosen as a key player. Our mission was clear: to develop a bespoke smart parking solution. <\/p>\n\t\t<\/div>\n\t\t\t\t<\/div>\n\t\t\t\t\t<\/div>\n\t\t<\/article>\n\t\t\t\t<article class=\"elementor-post elementor-grid-item post-2047 case_studies type-case_studies status-publish format-standard has-post-thumbnail hentry\">\n\t\t\t<div class=\"elementor-post__card\">\n\t\t\t\t<a class=\"elementor-post__thumbnail__link\" href=\"https:\/\/moobo.pt\/pt\/case_studies\/franciscaines\/\" tabindex=\"-1\" ><div class=\"elementor-post__thumbnail\"><img decoding=\"async\" width=\"2000\" height=\"1333\" src=\"https:\/\/moobo.pt\/wp-content\/uploads\/2020\/11\/franciscaines-museum-moobo04.jpg\" class=\"attachment-full size-full wp-image-3040\" alt=\"\" srcset=\"https:\/\/moobo.pt\/wp-content\/uploads\/2020\/11\/franciscaines-museum-moobo04.jpg 2000w, https:\/\/moobo.pt\/wp-content\/uploads\/2020\/11\/franciscaines-museum-moobo04-300x200.jpg 300w, https:\/\/moobo.pt\/wp-content\/uploads\/2020\/11\/franciscaines-museum-moobo04-1024x682.jpg 1024w, https:\/\/moobo.pt\/wp-content\/uploads\/2020\/11\/franciscaines-museum-moobo04-768x512.jpg 768w, https:\/\/moobo.pt\/wp-content\/uploads\/2020\/11\/franciscaines-museum-moobo04-1536x1024.jpg 1536w, https:\/\/moobo.pt\/wp-content\/uploads\/2020\/11\/franciscaines-museum-moobo04-18x12.jpg 18w, https:\/\/moobo.pt\/wp-content\/uploads\/2020\/11\/franciscaines-museum-moobo04-1200x800.jpg 1200w, https:\/\/moobo.pt\/wp-content\/uploads\/2020\/11\/franciscaines-museum-moobo04-1980x1320.jpg 1980w\" sizes=\"(max-width: 2000px) 100vw, 2000px\" \/><\/div><\/a>\n\t\t\t\t<div class=\"elementor-post__text\">\n\t\t\t\t<h3 class=\"elementor-post__title\">\n\t\t\t<a href=\"https:\/\/moobo.pt\/pt\/case_studies\/franciscaines\/\" >\n\t\t\t\tLes Franciscaines\t\t\t<\/a>\n\t\t<\/h3>\n\t\t\t\t<div class=\"elementor-post__excerpt\">\n\t\t\t<p>Otimizando a experi\u00eancia atrav\u00e9s de um espa\u00e7o que partilha o objetivo de biblioteca, museu, audit\u00f3rio e outros espa\u00e7os flex\u00edveis necess\u00e1rios para pensar atrav\u00e9s do espa\u00e7o<\/p>\n\t\t<\/div>\n\t\t\t\t<\/div>\n\t\t\t\t\t<\/div>\n\t\t<\/article>\n\t\t\t\t<article class=\"elementor-post elementor-grid-item post-3124 case_studies type-case_studies status-publish format-standard has-post-thumbnail hentry\">\n\t\t\t<div class=\"elementor-post__card\">\n\t\t\t\t<a class=\"elementor-post__thumbnail__link\" href=\"https:\/\/moobo.pt\/pt\/case_studies\/vila-do-conde-porto-fashion-outlet\/\" tabindex=\"-1\" ><div class=\"elementor-post__thumbnail\"><img decoding=\"async\" width=\"2500\" height=\"1667\" src=\"https:\/\/moobo.pt\/wp-content\/uploads\/2021\/11\/porto-fashion-outlet-kiosk-moobo-04.jpg\" class=\"attachment-full size-full wp-image-3128\" alt=\"\" srcset=\"https:\/\/moobo.pt\/wp-content\/uploads\/2021\/11\/porto-fashion-outlet-kiosk-moobo-04.jpg 2500w, https:\/\/moobo.pt\/wp-content\/uploads\/2021\/11\/porto-fashion-outlet-kiosk-moobo-04-300x200.jpg 300w, https:\/\/moobo.pt\/wp-content\/uploads\/2021\/11\/porto-fashion-outlet-kiosk-moobo-04-1024x683.jpg 1024w, https:\/\/moobo.pt\/wp-content\/uploads\/2021\/11\/porto-fashion-outlet-kiosk-moobo-04-768x512.jpg 768w, https:\/\/moobo.pt\/wp-content\/uploads\/2021\/11\/porto-fashion-outlet-kiosk-moobo-04-1536x1024.jpg 1536w, https:\/\/moobo.pt\/wp-content\/uploads\/2021\/11\/porto-fashion-outlet-kiosk-moobo-04-2048x1366.jpg 2048w, https:\/\/moobo.pt\/wp-content\/uploads\/2021\/11\/porto-fashion-outlet-kiosk-moobo-04-18x12.jpg 18w, https:\/\/moobo.pt\/wp-content\/uploads\/2021\/11\/porto-fashion-outlet-kiosk-moobo-04-1200x800.jpg 1200w, https:\/\/moobo.pt\/wp-content\/uploads\/2021\/11\/porto-fashion-outlet-kiosk-moobo-04-1980x1320.jpg 1980w\" sizes=\"(max-width: 2500px) 100vw, 2500px\" \/><\/div><\/a>\n\t\t\t\t<div class=\"elementor-post__text\">\n\t\t\t\t<h3 class=\"elementor-post__title\">\n\t\t\t<a href=\"https:\/\/moobo.pt\/pt\/case_studies\/vila-do-conde-porto-fashion-outlet\/\" >\n\t\t\t\tVila do Conde Porto Fashion Outlet\t\t\t<\/a>\n\t\t<\/h3>\n\t\t\t\t<div class=\"elementor-post__excerpt\">\n\t\t\t<p>O VIA Outlets, com centros comerciais localizados em alguns dos melhores destinos tur\u00edsticos da Europa, pretende melhorar a experi\u00eancia dos seus visitantes no Vila do Conde Porto Fashion Outlet com terminais interativos e multim\u00e9dia.<\/p>\n\t\t<\/div>\n\t\t\t\t<\/div>\n\t\t\t\t\t<\/div>\n\t\t<\/article>\n\t\t\t\t<article class=\"elementor-post elementor-grid-item post-2049 case_studies type-case_studies status-publish format-standard has-post-thumbnail hentry\">\n\t\t\t<div class=\"elementor-post__card\">\n\t\t\t\t<a class=\"elementor-post__thumbnail__link\" href=\"https:\/\/moobo.pt\/pt\/case_studies\/lello\/\" tabindex=\"-1\" ><div class=\"elementor-post__thumbnail\"><img loading=\"lazy\" decoding=\"async\" width=\"1920\" height=\"949\" src=\"https:\/\/moobo.pt\/wp-content\/uploads\/2020\/11\/moobo-livraria-lello-hero.jpg\" class=\"attachment-full size-full wp-image-2640\" alt=\"Moobo Livraria Lello - Front\" srcset=\"https:\/\/moobo.pt\/wp-content\/uploads\/2020\/11\/moobo-livraria-lello-hero.jpg 1920w, https:\/\/moobo.pt\/wp-content\/uploads\/2020\/11\/moobo-livraria-lello-hero-300x148.jpg 300w, https:\/\/moobo.pt\/wp-content\/uploads\/2020\/11\/moobo-livraria-lello-hero-1024x506.jpg 1024w, https:\/\/moobo.pt\/wp-content\/uploads\/2020\/11\/moobo-livraria-lello-hero-768x380.jpg 768w, https:\/\/moobo.pt\/wp-content\/uploads\/2020\/11\/moobo-livraria-lello-hero-1536x759.jpg 1536w, https:\/\/moobo.pt\/wp-content\/uploads\/2020\/11\/moobo-livraria-lello-hero-16x8.jpg 16w, https:\/\/moobo.pt\/wp-content\/uploads\/2020\/11\/moobo-livraria-lello-hero-1200x593.jpg 1200w\" sizes=\"(max-width: 1920px) 100vw, 1920px\" \/><\/div><\/a>\n\t\t\t\t<div class=\"elementor-post__text\">\n\t\t\t\t<h3 class=\"elementor-post__title\">\n\t\t\t<a href=\"https:\/\/moobo.pt\/pt\/case_studies\/lello\/\" >\n\t\t\t\tLivraria Lello\t\t\t<\/a>\n\t\t<\/h3>\n\t\t\t\t<div class=\"elementor-post__excerpt\">\n\t\t\t<p>Nesta livraria secular situada no cora\u00e7\u00e3o da cidade do Porto, considerada uma das mais bonitas do mundo, vive-se um ambiente \u00fanico.<\/p>\n\t\t<\/div>\n\t\t\t\t<\/div>\n\t\t\t\t\t<\/div>\n\t\t<\/article>\n\t\t\t\t<article class=\"elementor-post elementor-grid-item post-1868 case_studies type-case_studies status-publish format-standard has-post-thumbnail hentry\">\n\t\t\t<div class=\"elementor-post__card\">\n\t\t\t\t<a class=\"elementor-post__thumbnail__link\" href=\"https:\/\/moobo.pt\/pt\/case_studies\/lamassu\/\" tabindex=\"-1\" ><div class=\"elementor-post__thumbnail\"><img loading=\"lazy\" decoding=\"async\" width=\"1920\" height=\"949\" src=\"https:\/\/moobo.pt\/wp-content\/uploads\/2020\/10\/getting-crypto-to-the-world-hero.jpg\" class=\"attachment-full size-full wp-image-1869\" alt=\"Lamassu Case Study hero image\" srcset=\"https:\/\/moobo.pt\/wp-content\/uploads\/2020\/10\/getting-crypto-to-the-world-hero.jpg 1920w, https:\/\/moobo.pt\/wp-content\/uploads\/2020\/10\/getting-crypto-to-the-world-hero-300x148.jpg 300w, https:\/\/moobo.pt\/wp-content\/uploads\/2020\/10\/getting-crypto-to-the-world-hero-1024x506.jpg 1024w, https:\/\/moobo.pt\/wp-content\/uploads\/2020\/10\/getting-crypto-to-the-world-hero-768x380.jpg 768w, https:\/\/moobo.pt\/wp-content\/uploads\/2020\/10\/getting-crypto-to-the-world-hero-1536x759.jpg 1536w, https:\/\/moobo.pt\/wp-content\/uploads\/2020\/10\/getting-crypto-to-the-world-hero-16x8.jpg 16w, https:\/\/moobo.pt\/wp-content\/uploads\/2020\/10\/getting-crypto-to-the-world-hero-1200x593.jpg 1200w\" sizes=\"(max-width: 1920px) 100vw, 1920px\" \/><\/div><\/a>\n\t\t\t\t<div class=\"elementor-post__text\">\n\t\t\t\t<h3 class=\"elementor-post__title\">\n\t\t\t<a href=\"https:\/\/moobo.pt\/pt\/case_studies\/lamassu\/\" >\n\t\t\t\tDivulgar criptomoedas globalmente. Com cada quiosque produzido.\t\t\t<\/a>\n\t\t<\/h3>\n\t\t\t\t<div class=\"elementor-post__excerpt\">\n\t\t\t<p>Lamassu desafiou-nos com um prop\u00f3sito \u00fanico: desenvolver e construir uma m\u00e1quina que funcione como um multibanco para moedas alternativas.<\/p>\n\t\t<\/div>\n\t\t\t\t<\/div>\n\t\t\t\t\t<\/div>\n\t\t<\/article>\n\t\t\t\t<\/div>\n\t\t\n\t\t\t\t\t\t<\/div>\n\t\t\t\t<\/div>\n\t\t\t\t\t<\/div>\n\t\t<\/div>\n\t\t\t\t\t<\/div>\n\t\t<\/section>\n\t\t\t\t<\/div>","protected":false},"excerpt":{"rendered":"<p>Case studies Learn more about our custom development process by visiting our unique case studies.<\/p>","protected":false},"author":1,"featured_media":0,"parent":0,"menu_order":0,"comment_status":"closed","ping_status":"closed","template":"elementor_header_footer","meta":{"_acf_changed":false,"_eb_attr":"","footnotes":""},"class_list":["post-3208","page","type-page","status-publish","hentry"],"acf":[],"aioseo_notices":[],"_links":{"self":[{"href":"https:\/\/moobo.pt\/pt\/wp-json\/wp\/v2\/pages\/3208","targetHints":{"allow":["GET"]}}],"collection":[{"href":"https:\/\/moobo.pt\/pt\/wp-json\/wp\/v2\/pages"}],"about":[{"href":"https:\/\/moobo.pt\/pt\/wp-json\/wp\/v2\/types\/page"}],"author":[{"embeddable":true,"href":"https:\/\/moobo.pt\/pt\/wp-json\/wp\/v2\/users\/1"}],"replies":[{"embeddable":true,"href":"https:\/\/moobo.pt\/pt\/wp-json\/wp\/v2\/comments?post=3208"}],"version-history":[{"count":10,"href":"https:\/\/moobo.pt\/pt\/wp-json\/wp\/v2\/pages\/3208\/revisions"}],"predecessor-version":[{"id":3509,"href":"https:\/\/moobo.pt\/pt\/wp-json\/wp\/v2\/pages\/3208\/revisions\/3509"}],"wp:attachment":[{"href":"https:\/\/moobo.pt\/pt\/wp-json\/wp\/v2\/media?parent=3208"}],"curies":[{"name":"wp","href":"https:\/\/api.w.org\/{rel}","templated":true}]}}